{"id":22249,"date":"2024-05-14T14:27:28","date_gmt":"2024-05-14T17:27:28","guid":{"rendered":"https:\/\/securitycontrol.com.br\/loja\/?post_type=product&#038;p=22249"},"modified":"2024-05-14T14:27:29","modified_gmt":"2024-05-14T17:27:29","slug":"fechadura-digital-de-embutir-intelbras-fd-3000","status":"publish","type":"product","link":"https:\/\/securitycontrol.com.br\/loja\/produto\/fechadura-digital-de-embutir-intelbras-fd-3000\/","title":{"rendered":"Fechadura Digital de Embutir Intelbras FD 3000"},"content":{"rendered":"<p>A fechadura digital de embutir FD 3000 faz parte da nova linha de fechaduras digitais Intelbras, que combina seguran\u00e7a e praticidade. Possui duas formas de acesso: senha e tag de proximidade. Na FD 3000 \u00e9 possivel cadastrar at\u00e9 9 senhas (sendo 1 de administrador, 4 de uso di\u00e1rio e 4 de visitantes de uso tempor\u00e1rio) e at\u00e9 100 tags de proximidade. Conta com fun\u00e7\u00f5es como travamento autom\u00e1tico, fun\u00e7\u00e3o n\u00e3o pertube, aviso de bateria fraca, sensor de travamento autom\u00e1tico e alarme antiarrombamento. Com a fun\u00e7\u00e3o Trava de Seguran\u00e7a \u00e9 poss\u00edvel travar a ma\u00e7aneta pelo lado de dentro para evitar que as crian\u00e7as saiam sem permiss\u00e3o. Sua alimenta\u00e7\u00e3o \u00e9 feita por 4 pilhas alcalinas tipo AA, com dura\u00e7\u00e3o m\u00e9dia de 1 ano. A FD 3000 tem 02 anos de garantia de f\u00e1brica e \u00e9 indicada para portas com espessura de 35mm a 70mm.<\/p>\n","protected":false},"excerpt":{"rendered":"<p>A fechadura digital de embutir FD 3000 faz parte da nova linha de fechaduras digitais Intelbras, que combina seguran\u00e7a e praticidade. Possui duas formas de acesso: senha e tag de proximidade. Na FD 3000 \u00e9 possivel cadastrar at\u00e9 9 senhas (sendo 1 de administrador, 4 de uso di\u00e1rio e 4 de visitantes de uso tempor\u00e1rio) [&hellip;]<\/p>\n","protected":false},"featured_media":22250,"comment_status":"open","ping_status":"closed","template":"","meta":[],"product_cat":[111],"product_tag":[113,112],"jetpack_sharing_enabled":true,"_links":{"self":[{"href":"https:\/\/securitycontrol.com.br\/loja\/wp-json\/wp\/v2\/product\/22249"}],"collection":[{"href":"https:\/\/securitycontrol.com.br\/loja\/wp-json\/wp\/v2\/product"}],"about":[{"href":"https:\/\/securitycontrol.com.br\/loja\/wp-json\/wp\/v2\/types\/product"}],"replies":[{"embeddable":true,"href":"https:\/\/securitycontrol.com.br\/loja\/wp-json\/wp\/v2\/comments?post=22249"}],"wp:featuredmedia":[{"embeddable":true,"href":"https:\/\/securitycontrol.com.br\/loja\/wp-json\/wp\/v2\/media\/22250"}],"wp:attachment":[{"href":"https:\/\/securitycontrol.com.br\/loja\/wp-json\/wp\/v2\/media?parent=22249"}],"wp:term":[{"taxonomy":"product_cat","embeddable":true,"href":"https:\/\/securitycontrol.com.br\/loja\/wp-json\/wp\/v2\/product_cat?post=22249"},{"taxonomy":"product_tag","embeddable":true,"href":"https:\/\/securitycontrol.com.br\/loja\/wp-json\/wp\/v2\/product_tag?post=22249"}],"curies":[{"name":"wp","href":"https:\/\/api.w.org\/{rel}","templated":true}]}}