{"id":22246,"date":"2024-05-14T14:17:01","date_gmt":"2024-05-14T17:17:01","guid":{"rendered":"https:\/\/securitycontrol.com.br\/loja\/?post_type=product&#038;p=22246"},"modified":"2024-05-14T14:29:22","modified_gmt":"2024-05-14T17:29:22","slug":"jfl-smartcloud-20","status":"publish","type":"product","link":"https:\/\/securitycontrol.com.br\/loja\/produto\/jfl-smartcloud-20\/","title":{"rendered":"JFL SmartCloud 20"},"content":{"rendered":"<h4><strong>Dupla Conectividade<\/strong><\/h4>\n<p>A JFL Smartcloud 20 j\u00e1 sai de f\u00e1brica com Wi-Fi e Ethernet integrados. Voc\u00ea escolhe qual a melhor forma de conex\u00e3o para seu cliente.<\/p>\n<h4><strong>Programa\u00e7\u00e3o via app com conex\u00e3o Bluetooth\u00ae ou nuvem<\/strong><\/h4>\n<p>Com Bluetooth\u00ae\u00b9 integrado, a programa\u00e7\u00e3o via app Programador JFL Mob \u00e9 direta e r\u00e1pida, sem necessidade de acess\u00f3rios ou perif\u00e9ricos. Outra op\u00e7\u00e3o, \u00e9 a conex\u00e3o via nuvem!<\/p>\n<h4><strong>Active Mobile V4<\/strong><\/h4>\n<p>Com a Active Mobile V4, voc\u00ea pode controlar a sua central de alarme* pelo smartphone ou tablet em qualquer lugar, a qualquer hora. Com ele voc\u00ea pode, por exemplo: verificar o status da central em tempo real, inibir zonas, ativar e desativar PGMs, visualizar as zonas em planta baixa e muito mais.<\/p>\n<p class=\"has-small-font-size\">*Necess\u00e1rio adicionar m\u00f3dulo compat\u00edvel (n\u00e3o incluso)<\/p>\n<h4><strong>Plug&amp;Play<\/strong><\/h4>\n<p>O wi-fi e ethernet integrados facilitam muito a conex\u00e3o da central com o aplicativo. Confira os passos abaixo:<\/p>\n<ol>\n<li>Plugue o cabo no m\u00f3dulo ethernet ou conecte a central na rede wi-fi;<\/li>\n<li>Baixe o aplicativo Active Mobile V4;<\/li>\n<li>Leia o QR Code;<\/li>\n<li>Fa\u00e7a o cadastro na nuvem;<\/li>\n<li>Pronto! O aplicativo j\u00e1 est\u00e1 conectado na central!<\/li>\n<\/ol>\n<h4><strong>Dispositivos sem fio<\/strong><\/h4>\n<p>A JFL Smartcloud 20 conta com 20 zonas compat\u00edveis com dispositivos sem fio, como sensores passivos e sensores de abertura.<\/p>\n","protected":false},"excerpt":{"rendered":"<p>Dupla Conectividade A JFL Smartcloud 20 j\u00e1 sai de f\u00e1brica com Wi-Fi e Ethernet integrados. Voc\u00ea escolhe qual a melhor forma de conex\u00e3o para seu cliente. Programa\u00e7\u00e3o via app com conex\u00e3o Bluetooth\u00ae ou nuvem Com Bluetooth\u00ae\u00b9 integrado, a programa\u00e7\u00e3o via app Programador JFL Mob \u00e9 direta e r\u00e1pida, sem necessidade de acess\u00f3rios ou perif\u00e9ricos. Outra [&hellip;]<\/p>\n","protected":false},"featured_media":22247,"comment_status":"open","ping_status":"closed","template":"","meta":[],"product_cat":[108],"product_tag":[109,110],"jetpack_sharing_enabled":true,"_links":{"self":[{"href":"https:\/\/securitycontrol.com.br\/loja\/wp-json\/wp\/v2\/product\/22246"}],"collection":[{"href":"https:\/\/securitycontrol.com.br\/loja\/wp-json\/wp\/v2\/product"}],"about":[{"href":"https:\/\/securitycontrol.com.br\/loja\/wp-json\/wp\/v2\/types\/product"}],"replies":[{"embeddable":true,"href":"https:\/\/securitycontrol.com.br\/loja\/wp-json\/wp\/v2\/comments?post=22246"}],"wp:featuredmedia":[{"embeddable":true,"href":"https:\/\/securitycontrol.com.br\/loja\/wp-json\/wp\/v2\/media\/22247"}],"wp:attachment":[{"href":"https:\/\/securitycontrol.com.br\/loja\/wp-json\/wp\/v2\/media?parent=22246"}],"wp:term":[{"taxonomy":"product_cat","embeddable":true,"href":"https:\/\/securitycontrol.com.br\/loja\/wp-json\/wp\/v2\/product_cat?post=22246"},{"taxonomy":"product_tag","embeddable":true,"href":"https:\/\/securitycontrol.com.br\/loja\/wp-json\/wp\/v2\/product_tag?post=22246"}],"curies":[{"name":"wp","href":"https:\/\/api.w.org\/{rel}","templated":true}]}}