{"id":22112,"date":"2024-01-23T15:37:56","date_gmt":"2024-01-23T15:37:56","guid":{"rendered":"https:\/\/securitycontrol.com.br\/loja\/?post_type=product&#038;p=22112"},"modified":"2024-01-23T15:37:56","modified_gmt":"2024-01-23T15:37:56","slug":"arame-de-aco-inox-045mm-rolo-400-mts","status":"publish","type":"product","link":"https:\/\/securitycontrol.com.br\/loja\/produto\/arame-de-aco-inox-045mm-rolo-400-mts\/","title":{"rendered":"Arame De A\u00e7o Inox 0,45mm Rolo 400 Mts"},"content":{"rendered":"<p>Bobina com 500 gramas fio de a\u00e7o 0,45mm inox para cerca el\u00e9trica com aproximadamente 400 metros.<br \/>\nFio resistente, n\u00e3o enferruja.<br \/>\nIndicado para uso em cerca el\u00e9trica podendo ser: residencial, industrial, rural, etc.<br \/>\nModelo em conformidade com ABNT para uso em sistemas de cerca el\u00e9trica.<\/p>\n<p>Di\u00e2metro do fio: 0,45mm<br \/>\nComprimento: aproximadamente 400 metros.<br \/>\nPeso: 0,500g.<\/p>\n<p>Imagem ilustrativa.<\/p>\n<p>Garantia do vendedor: 6 meses<\/p>\n","protected":false},"excerpt":{"rendered":"<p>Bobina com 500 gramas fio de a\u00e7o 0,45mm inox para cerca el\u00e9trica com aproximadamente 400 metros. Fio resistente, n\u00e3o enferruja. Indicado para uso em cerca el\u00e9trica podendo ser: residencial, industrial, rural, etc. Modelo em conformidade com ABNT para uso em sistemas de cerca el\u00e9trica. Di\u00e2metro do fio: 0,45mm Comprimento: aproximadamente 400 metros. Peso: 0,500g. Imagem [&hellip;]<\/p>\n","protected":false},"featured_media":22113,"comment_status":"open","ping_status":"closed","template":"","meta":[],"product_cat":[15],"product_tag":[],"jetpack_sharing_enabled":true,"_links":{"self":[{"href":"https:\/\/securitycontrol.com.br\/loja\/wp-json\/wp\/v2\/product\/22112"}],"collection":[{"href":"https:\/\/securitycontrol.com.br\/loja\/wp-json\/wp\/v2\/product"}],"about":[{"href":"https:\/\/securitycontrol.com.br\/loja\/wp-json\/wp\/v2\/types\/product"}],"replies":[{"embeddable":true,"href":"https:\/\/securitycontrol.com.br\/loja\/wp-json\/wp\/v2\/comments?post=22112"}],"wp:featuredmedia":[{"embeddable":true,"href":"https:\/\/securitycontrol.com.br\/loja\/wp-json\/wp\/v2\/media\/22113"}],"wp:attachment":[{"href":"https:\/\/securitycontrol.com.br\/loja\/wp-json\/wp\/v2\/media?parent=22112"}],"wp:term":[{"taxonomy":"product_cat","embeddable":true,"href":"https:\/\/securitycontrol.com.br\/loja\/wp-json\/wp\/v2\/product_cat?post=22112"},{"taxonomy":"product_tag","embeddable":true,"href":"https:\/\/securitycontrol.com.br\/loja\/wp-json\/wp\/v2\/product_tag?post=22112"}],"curies":[{"name":"wp","href":"https:\/\/api.w.org\/{rel}","templated":true}]}}